{"id":107,"date":"2022-07-07T17:33:08","date_gmt":"2022-07-07T15:33:08","guid":{"rendered":"https:\/\/ressourceribambelle.fr\/?page_id=107"},"modified":"2025-06-27T10:02:00","modified_gmt":"2025-06-27T08:02:00","slug":"le-reemploi-dobjets","status":"publish","type":"page","link":"https:\/\/ressourceribambelle.fr\/?page_id=107","title":{"rendered":""},"content":{"rendered":"\n<h2 class=\"wp-block-heading has-text-align-center has-text-color\" style=\"color:#e82f72;text-transform:uppercase\"><mark style=\"background-color:rgba(0, 0, 0, 0)\" class=\"has-inline-color has-vivid-cyan-blue-color\">Le r\u00e9emploi d&rsquo;objets, une solution pour pr\u00e9venir les d\u00e9chets<\/mark><\/h2>\n\n\n\n<div style=\"height:100px\" aria-hidden=\"true\" class=\"wp-block-spacer\"><\/div>\n\n\n\n<p class=\"has-text-align-center has-black-color has-text-color\">La <strong>transition vers une \u00e9conomie circulaire<\/strong> vise \u00e0 atteindre une empreinte \u00e9cologique neutre dans le cadre du respect des limites plan\u00e9taires et \u00e0 <strong>d\u00e9passer le mod\u00e8le \u00e9conomique lin\u00e9aire <\/strong>consistant \u00e0 extraire, fabriquer, consommer et jeter en appelant \u00e0 une <strong>consommation sobre et responsable des ressources<\/strong> naturelles et des mati\u00e8res premi\u00e8res [&#8230;] <\/p>\n\n\n\n<p class=\"has-text-align-center has-small-font-size\">Article L110-1-1 du Code de l&rsquo;Environnement<\/p>\n\n\n\n<p><\/p>\n\n\n\n<div class=\"wp-block-media-text alignfull is-stacked-on-mobile is-vertically-aligned-center\" style=\"grid-template-columns:40% auto\"><figure class=\"wp-block-media-text__media\"><img loading=\"lazy\" decoding=\"async\" width=\"1080\" height=\"1080\" src=\"https:\/\/ressourceribambelle.fr\/wp-content\/uploads\/2022\/07\/Hierarchie-gestion-des-dechets.gif\" alt=\"\" class=\"wp-image-160 size-full\"\/><\/figure><div class=\"wp-block-media-text__content\">\n<p class=\"has-medium-font-size\">Le r\u00e9emploi, c&rsquo;est le fait d&rsquo;utiliser de nouveau un objet &#8211; plut\u00f4t que le jeter &#8211; pour un usage identique et donc de prolonger sa dur\u00e9e de vie. Par exemple, vous avez un T-shirt que vous ne portez plus et vous d\u00e9cidez de le donner \u00e0 une personne de votre entourage ou \u00e0 une association. Votre T-shirt sera ainsi report\u00e9 et profitera d&rsquo;une nouvelle vie, sans \u00eatre pass\u00e9 par la case d\u00e9chet et sans avoir n\u00e9cessit\u00e9 l&rsquo;utilisation de nouvelles ressources !<\/p>\n<\/div><\/div>\n\n\n\n<div style=\"height:100px\" aria-hidden=\"true\" class=\"wp-block-spacer\"><\/div>\n","protected":false},"excerpt":{"rendered":"<p>Le r\u00e9emploi d&rsquo;objets, une solution pour pr\u00e9venir les d\u00e9chets La transition vers une \u00e9conomie circulaire vise \u00e0 atteindre une empreinte \u00e9cologique neutre dans le cadre du respect des limites plan\u00e9taires et \u00e0 d\u00e9passer le mod\u00e8le \u00e9conomique lin\u00e9aire consistant \u00e0 extraire, fabriquer, consommer et jeter en appelant \u00e0 une consommation sobre et responsable des ressources naturelles [&hellip;]<\/p>\n","protected":false},"author":2,"featured_media":0,"parent":0,"menu_order":0,"comment_status":"closed","ping_status":"closed","template":"","meta":{"_regular_price":[],"currency_symbol":[],"footnotes":""},"class_list":["post-107","page","type-page","status-publish","hentry"],"post_slider_layout_featured_media_urls":{"thumbnail":"","post_slider_layout_landscape_large":"","post_slider_layout_portrait_large":"","post_slider_layout_square_large":"","post_slider_layout_landscape":"","post_slider_layout_portrait":"","post_slider_layout_square":"","full":""},"_links":{"self":[{"href":"https:\/\/ressourceribambelle.fr\/index.php?rest_route=\/wp\/v2\/pages\/107","targetHints":{"allow":["GET"]}}],"collection":[{"href":"https:\/\/ressourceribambelle.fr\/index.php?rest_route=\/wp\/v2\/pages"}],"about":[{"href":"https:\/\/ressourceribambelle.fr\/index.php?rest_route=\/wp\/v2\/types\/page"}],"author":[{"embeddable":true,"href":"https:\/\/ressourceribambelle.fr\/index.php?rest_route=\/wp\/v2\/users\/2"}],"replies":[{"embeddable":true,"href":"https:\/\/ressourceribambelle.fr\/index.php?rest_route=%2Fwp%2Fv2%2Fcomments&post=107"}],"version-history":[{"count":17,"href":"https:\/\/ressourceribambelle.fr\/index.php?rest_route=\/wp\/v2\/pages\/107\/revisions"}],"predecessor-version":[{"id":1306,"href":"https:\/\/ressourceribambelle.fr\/index.php?rest_route=\/wp\/v2\/pages\/107\/revisions\/1306"}],"wp:attachment":[{"href":"https:\/\/ressourceribambelle.fr\/index.php?rest_route=%2Fwp%2Fv2%2Fmedia&parent=107"}],"curies":[{"name":"wp","href":"https:\/\/api.w.org\/{rel}","templated":true}]}}