{"id":109,"date":"2022-07-07T17:33:08","date_gmt":"2022-07-07T15:33:08","guid":{"rendered":"https:\/\/ressourceribambelle.fr\/?page_id=109"},"modified":"2026-01-08T11:27:35","modified_gmt":"2026-01-08T10:27:35","slug":"nos-partenaires","status":"publish","type":"page","link":"https:\/\/ressourceribambelle.fr\/?page_id=109","title":{"rendered":"Nos partenaires"},"content":{"rendered":"\n<div style=\"height:100px\" aria-hidden=\"true\" class=\"wp-block-spacer\"><\/div>\n\n\n\n<div class=\"wp-block-group alignwide is-layout-grid wp-container-core-group-is-layout-9649a0d9 wp-block-group-is-layout-grid\"><div class=\"wp-block-image is-style-rounded\">\n<figure class=\"aligncenter size-full is-resized\"><a href=\"https:\/\/rar-cvl.assoconnect.com\/page\/1535714-le-rar\" target=\"_blank\" rel=\"noreferrer noopener\"><img loading=\"lazy\" decoding=\"async\" width=\"1314\" height=\"1314\" src=\"https:\/\/ressourceribambelle.fr\/wp-content\/uploads\/2022\/07\/207212302_113964267602440_8439169503246170630_n.png\" alt=\"\" class=\"wp-image-369\" style=\"width:211px;height:211px\" srcset=\"https:\/\/ressourceribambelle.fr\/wp-content\/uploads\/2022\/07\/207212302_113964267602440_8439169503246170630_n.png 1314w, https:\/\/ressourceribambelle.fr\/wp-content\/uploads\/2022\/07\/207212302_113964267602440_8439169503246170630_n-300x300.png 300w, https:\/\/ressourceribambelle.fr\/wp-content\/uploads\/2022\/07\/207212302_113964267602440_8439169503246170630_n-1024x1024.png 1024w, https:\/\/ressourceribambelle.fr\/wp-content\/uploads\/2022\/07\/207212302_113964267602440_8439169503246170630_n-150x150.png 150w, https:\/\/ressourceribambelle.fr\/wp-content\/uploads\/2022\/07\/207212302_113964267602440_8439169503246170630_n-768x768.png 768w, https:\/\/ressourceribambelle.fr\/wp-content\/uploads\/2022\/07\/207212302_113964267602440_8439169503246170630_n-1200x1200.png 1200w, https:\/\/ressourceribambelle.fr\/wp-content\/uploads\/2022\/07\/207212302_113964267602440_8439169503246170630_n-600x600.png 600w\" sizes=\"auto, (max-width: 1314px) 100vw, 1314px\" \/><\/a><\/figure>\n<\/div>\n\n\n<figure class=\"wp-block-image size-full\"><a href=\"https:\/\/ressourcerie.fr\/\"><img loading=\"lazy\" decoding=\"async\" width=\"500\" height=\"500\" src=\"https:\/\/ressourceribambelle.fr\/wp-content\/uploads\/2025\/06\/5.jpg\" alt=\"\" class=\"wp-image-1279\" srcset=\"https:\/\/ressourceribambelle.fr\/wp-content\/uploads\/2025\/06\/5.jpg 500w, https:\/\/ressourceribambelle.fr\/wp-content\/uploads\/2025\/06\/5-300x300.jpg 300w, https:\/\/ressourceribambelle.fr\/wp-content\/uploads\/2025\/06\/5-150x150.jpg 150w\" sizes=\"auto, (max-width: 500px) 100vw, 500px\" \/><\/a><\/figure>\n\n\n\n<figure class=\"wp-block-image size-full\"><a href=\"http:\/\/www.cc-valdamboise.fr\/\"><img loading=\"lazy\" decoding=\"async\" width=\"284\" height=\"284\" src=\"https:\/\/ressourceribambelle.fr\/wp-content\/uploads\/2025\/06\/308019119_500222805443769_3037109785619146367_n.jpg\" alt=\"\" class=\"wp-image-1288\" srcset=\"https:\/\/ressourceribambelle.fr\/wp-content\/uploads\/2025\/06\/308019119_500222805443769_3037109785619146367_n.jpg 284w, https:\/\/ressourceribambelle.fr\/wp-content\/uploads\/2025\/06\/308019119_500222805443769_3037109785619146367_n-150x150.jpg 150w\" sizes=\"auto, (max-width: 284px) 100vw, 284px\" \/><\/a><\/figure>\n\n\n<div class=\"wp-block-image is-style-rounded\">\n<figure class=\"aligncenter size-full is-resized\"><a href=\"https:\/\/cvl.alterincub.coop\/\" target=\"_blank\" rel=\"noreferrer noopener\"><img loading=\"lazy\" decoding=\"async\" width=\"900\" height=\"900\" src=\"https:\/\/ressourceribambelle.fr\/wp-content\/uploads\/2022\/07\/Alter-Incub.jpg\" alt=\"\" class=\"wp-image-367\" style=\"width:225px;height:225px\" srcset=\"https:\/\/ressourceribambelle.fr\/wp-content\/uploads\/2022\/07\/Alter-Incub.jpg 900w, https:\/\/ressourceribambelle.fr\/wp-content\/uploads\/2022\/07\/Alter-Incub-300x300.jpg 300w, https:\/\/ressourceribambelle.fr\/wp-content\/uploads\/2022\/07\/Alter-Incub-150x150.jpg 150w, https:\/\/ressourceribambelle.fr\/wp-content\/uploads\/2022\/07\/Alter-Incub-768x768.jpg 768w, https:\/\/ressourceribambelle.fr\/wp-content\/uploads\/2022\/07\/Alter-Incub-600x600.jpg 600w\" sizes=\"auto, (max-width: 900px) 100vw, 900px\" \/><\/a><\/figure>\n<\/div>\n\n\n<figure class=\"wp-block-image size-full\"><a href=\"https:\/\/www.facebook.com\/lafriperie.ambulante\/\"><img loading=\"lazy\" decoding=\"async\" width=\"500\" height=\"500\" src=\"https:\/\/ressourceribambelle.fr\/wp-content\/uploads\/2025\/06\/10.jpg\" alt=\"\" class=\"wp-image-1281\" srcset=\"https:\/\/ressourceribambelle.fr\/wp-content\/uploads\/2025\/06\/10.jpg 500w, https:\/\/ressourceribambelle.fr\/wp-content\/uploads\/2025\/06\/10-300x300.jpg 300w, https:\/\/ressourceribambelle.fr\/wp-content\/uploads\/2025\/06\/10-150x150.jpg 150w\" sizes=\"auto, (max-width: 500px) 100vw, 500px\" \/><\/a><\/figure>\n\n\n\n<figure class=\"wp-block-image size-full\"><a href=\"https:\/\/www.lerelais.org\/\"><img loading=\"lazy\" decoding=\"async\" width=\"500\" height=\"500\" src=\"https:\/\/ressourceribambelle.fr\/wp-content\/uploads\/2025\/06\/15.jpg\" alt=\"\" class=\"wp-image-1285\" srcset=\"https:\/\/ressourceribambelle.fr\/wp-content\/uploads\/2025\/06\/15.jpg 500w, https:\/\/ressourceribambelle.fr\/wp-content\/uploads\/2025\/06\/15-300x300.jpg 300w, https:\/\/ressourceribambelle.fr\/wp-content\/uploads\/2025\/06\/15-150x150.jpg 150w\" sizes=\"auto, (max-width: 500px) 100vw, 500px\" \/><\/a><\/figure>\n\n\n\n<figure class=\"wp-block-image size-full\"><a href=\"https:\/\/www.smictom-amboise.fr\/\"><img loading=\"lazy\" decoding=\"async\" width=\"500\" height=\"500\" src=\"https:\/\/ressourceribambelle.fr\/wp-content\/uploads\/2025\/06\/19.jpg\" alt=\"\" class=\"wp-image-1287\" srcset=\"https:\/\/ressourceribambelle.fr\/wp-content\/uploads\/2025\/06\/19.jpg 500w, https:\/\/ressourceribambelle.fr\/wp-content\/uploads\/2025\/06\/19-300x300.jpg 300w, https:\/\/ressourceribambelle.fr\/wp-content\/uploads\/2025\/06\/19-150x150.jpg 150w\" sizes=\"auto, (max-width: 500px) 100vw, 500px\" \/><\/a><\/figure>\n\n\n<div class=\"wp-block-image is-style-rounded\">\n<figure class=\"aligncenter size-full\"><a href=\"https:\/\/www.mairieneuillelelierre.fr\/\"><img loading=\"lazy\" decoding=\"async\" width=\"301\" height=\"301\" src=\"https:\/\/ressourceribambelle.fr\/wp-content\/uploads\/2023\/06\/Logo-mairie-Neuille-le-Lierre.jpg\" alt=\"\" class=\"wp-image-705\" srcset=\"https:\/\/ressourceribambelle.fr\/wp-content\/uploads\/2023\/06\/Logo-mairie-Neuille-le-Lierre.jpg 301w, https:\/\/ressourceribambelle.fr\/wp-content\/uploads\/2023\/06\/Logo-mairie-Neuille-le-Lierre-150x150.jpg 150w\" sizes=\"auto, (max-width: 301px) 100vw, 301px\" \/><\/a><\/figure>\n<\/div>\n\n\n<figure class=\"wp-block-image size-full\"><a href=\"https:\/\/www.jeuchange.fr\/?srsltid=AfmBOoppvMjPh2Sd3hFeBl_MklKVoO5eL0aEyQqEsVY_GiSsSHWYnvaO\"><img loading=\"lazy\" decoding=\"async\" width=\"500\" height=\"500\" src=\"https:\/\/ressourceribambelle.fr\/wp-content\/uploads\/2025\/06\/1-1.jpg\" alt=\"\" class=\"wp-image-1280\" srcset=\"https:\/\/ressourceribambelle.fr\/wp-content\/uploads\/2025\/06\/1-1.jpg 500w, https:\/\/ressourceribambelle.fr\/wp-content\/uploads\/2025\/06\/1-1-300x300.jpg 300w, https:\/\/ressourceribambelle.fr\/wp-content\/uploads\/2025\/06\/1-1-150x150.jpg 150w\" sizes=\"auto, (max-width: 500px) 100vw, 500px\" \/><\/a><\/figure>\n\n\n\n<figure class=\"wp-block-image size-full\"><a href=\"https:\/\/lesdelicates.fr\/\"><img loading=\"lazy\" decoding=\"async\" width=\"500\" height=\"500\" src=\"https:\/\/ressourceribambelle.fr\/wp-content\/uploads\/2025\/06\/11.jpg\" alt=\"\" class=\"wp-image-1282\" srcset=\"https:\/\/ressourceribambelle.fr\/wp-content\/uploads\/2025\/06\/11.jpg 500w, https:\/\/ressourceribambelle.fr\/wp-content\/uploads\/2025\/06\/11-300x300.jpg 300w, https:\/\/ressourceribambelle.fr\/wp-content\/uploads\/2025\/06\/11-150x150.jpg 150w\" sizes=\"auto, (max-width: 500px) 100vw, 500px\" \/><\/a><\/figure>\n\n\n\n<figure class=\"wp-block-image size-full\"><a href=\"https:\/\/www.local.bio\/producteur\/epi-c-est-tout-\"><img loading=\"lazy\" decoding=\"async\" width=\"500\" height=\"500\" src=\"https:\/\/ressourceribambelle.fr\/wp-content\/uploads\/2025\/06\/13.jpg\" alt=\"\" class=\"wp-image-1283\" srcset=\"https:\/\/ressourceribambelle.fr\/wp-content\/uploads\/2025\/06\/13.jpg 500w, https:\/\/ressourceribambelle.fr\/wp-content\/uploads\/2025\/06\/13-300x300.jpg 300w, https:\/\/ressourceribambelle.fr\/wp-content\/uploads\/2025\/06\/13-150x150.jpg 150w\" sizes=\"auto, (max-width: 500px) 100vw, 500px\" \/><\/a><\/figure>\n\n\n\n<figure class=\"wp-block-image size-full\"><a href=\"https:\/\/moulinasavon.fr\/\"><img loading=\"lazy\" decoding=\"async\" width=\"500\" height=\"500\" src=\"https:\/\/ressourceribambelle.fr\/wp-content\/uploads\/2025\/06\/14.jpg\" alt=\"\" class=\"wp-image-1284\" srcset=\"https:\/\/ressourceribambelle.fr\/wp-content\/uploads\/2025\/06\/14.jpg 500w, https:\/\/ressourceribambelle.fr\/wp-content\/uploads\/2025\/06\/14-300x300.jpg 300w, https:\/\/ressourceribambelle.fr\/wp-content\/uploads\/2025\/06\/14-150x150.jpg 150w\" sizes=\"auto, (max-width: 500px) 100vw, 500px\" \/><\/a><\/figure>\n\n\n\n<figure class=\"wp-block-image size-full\"><a href=\"https:\/\/www.facebook.com\/p\/Asso-La-poule-au-pot-100087476655003\/\"><img loading=\"lazy\" decoding=\"async\" width=\"500\" height=\"500\" src=\"https:\/\/ressourceribambelle.fr\/wp-content\/uploads\/2025\/06\/16.jpg\" alt=\"\" class=\"wp-image-1286\" srcset=\"https:\/\/ressourceribambelle.fr\/wp-content\/uploads\/2025\/06\/16.jpg 500w, https:\/\/ressourceribambelle.fr\/wp-content\/uploads\/2025\/06\/16-300x300.jpg 300w, https:\/\/ressourceribambelle.fr\/wp-content\/uploads\/2025\/06\/16-150x150.jpg 150w\" sizes=\"auto, (max-width: 500px) 100vw, 500px\" \/><\/a><\/figure>\n\n\n\n<figure class=\"wp-block-image size-full\"><a href=\"https:\/\/touraine.francebenevolat.org\/\"><img loading=\"lazy\" decoding=\"async\" width=\"719\" height=\"719\" src=\"https:\/\/ressourceribambelle.fr\/wp-content\/uploads\/2025\/06\/309399979_207591084942545_4667139642439753744_n.jpg\" alt=\"\" class=\"wp-image-1291\" srcset=\"https:\/\/ressourceribambelle.fr\/wp-content\/uploads\/2025\/06\/309399979_207591084942545_4667139642439753744_n.jpg 719w, https:\/\/ressourceribambelle.fr\/wp-content\/uploads\/2025\/06\/309399979_207591084942545_4667139642439753744_n-300x300.jpg 300w, https:\/\/ressourceribambelle.fr\/wp-content\/uploads\/2025\/06\/309399979_207591084942545_4667139642439753744_n-150x150.jpg 150w, https:\/\/ressourceribambelle.fr\/wp-content\/uploads\/2025\/06\/309399979_207591084942545_4667139642439753744_n-600x600.jpg 600w\" sizes=\"auto, (max-width: 719px) 100vw, 719px\" \/><\/a><\/figure>\n\n\n\n<figure class=\"wp-block-image size-large\"><a href=\"https:\/\/www.assolacharpente.fr\/\"><img loading=\"lazy\" decoding=\"async\" width=\"1024\" height=\"238\" src=\"https:\/\/ressourceribambelle.fr\/wp-content\/uploads\/2025\/07\/Logo-Charpente-Noir-1024x238.png\" alt=\"\" class=\"wp-image-1329\" srcset=\"https:\/\/ressourceribambelle.fr\/wp-content\/uploads\/2025\/07\/Logo-Charpente-Noir-1024x238.png 1024w, https:\/\/ressourceribambelle.fr\/wp-content\/uploads\/2025\/07\/Logo-Charpente-Noir-300x70.png 300w, https:\/\/ressourceribambelle.fr\/wp-content\/uploads\/2025\/07\/Logo-Charpente-Noir-768x178.png 768w, https:\/\/ressourceribambelle.fr\/wp-content\/uploads\/2025\/07\/Logo-Charpente-Noir-1536x356.png 1536w, https:\/\/ressourceribambelle.fr\/wp-content\/uploads\/2025\/07\/Logo-Charpente-Noir-2048x475.png 2048w\" sizes=\"auto, (max-width: 1024px) 100vw, 1024px\" \/><\/a><\/figure>\n<\/div>\n\n\n\n<p class=\"has-text-align-center\"><strong><mark style=\"background-color:rgba(0, 0, 0, 0)\" class=\"has-inline-color has-luminous-vivid-orange-color\">Ils sont nombreux \u00e0 nous soutenir et \u00e0 collaborer avec nous au quotidien, merci \u00e0 eux !<\/mark><\/strong><\/p>\n\n\n\n<div style=\"height:100px\" aria-hidden=\"true\" class=\"wp-block-spacer\"><\/div>\n\n\n\n<h2 class=\"wp-block-heading has-text-align-center\">Nos partenaires financiers<\/h2>\n\n\n\n<div style=\"height:100px\" aria-hidden=\"true\" class=\"wp-block-spacer\"><\/div>\n\n\n\n<div class=\"wp-block-group is-layout-grid wp-container-core-group-is-layout-9649a0d9 wp-block-group-is-layout-grid\"><div class=\"wp-block-image\">\n<figure class=\"aligncenter size-full is-resized\"><img loading=\"lazy\" decoding=\"async\" width=\"1020\" height=\"1309\" src=\"https:\/\/ressourceribambelle.fr\/wp-content\/uploads\/2023\/06\/logo-region-centre-val-de-loire.jpg\" alt=\"\" class=\"wp-image-737\" style=\"width:133px;height:171px\" srcset=\"https:\/\/ressourceribambelle.fr\/wp-content\/uploads\/2023\/06\/logo-region-centre-val-de-loire.jpg 1020w, https:\/\/ressourceribambelle.fr\/wp-content\/uploads\/2023\/06\/logo-region-centre-val-de-loire-234x300.jpg 234w, https:\/\/ressourceribambelle.fr\/wp-content\/uploads\/2023\/06\/logo-region-centre-val-de-loire-798x1024.jpg 798w, https:\/\/ressourceribambelle.fr\/wp-content\/uploads\/2023\/06\/logo-region-centre-val-de-loire-768x986.jpg 768w\" sizes=\"auto, (max-width: 1020px) 100vw, 1020px\" \/><\/figure>\n<\/div>\n\n<div class=\"wp-block-image\">\n<figure class=\"aligncenter size-full is-resized\"><img loading=\"lazy\" decoding=\"async\" width=\"700\" height=\"432\" src=\"https:\/\/ressourceribambelle.fr\/wp-content\/uploads\/2023\/06\/fdva-logo.jpg\" alt=\"\" class=\"wp-image-739\" style=\"width:298px;height:184px\" srcset=\"https:\/\/ressourceribambelle.fr\/wp-content\/uploads\/2023\/06\/fdva-logo.jpg 700w, https:\/\/ressourceribambelle.fr\/wp-content\/uploads\/2023\/06\/fdva-logo-300x185.jpg 300w\" sizes=\"auto, (max-width: 700px) 100vw, 700px\" \/><\/figure>\n<\/div>\n\n\n<figure class=\"wp-block-image size-full is-resized\"><img loading=\"lazy\" decoding=\"async\" width=\"500\" height=\"500\" src=\"https:\/\/ressourceribambelle.fr\/wp-content\/uploads\/2024\/08\/Logos-partenaires-un-a-un.jpg\" alt=\"\" class=\"wp-image-1091\" style=\"width:241px;height:auto\" srcset=\"https:\/\/ressourceribambelle.fr\/wp-content\/uploads\/2024\/08\/Logos-partenaires-un-a-un.jpg 500w, https:\/\/ressourceribambelle.fr\/wp-content\/uploads\/2024\/08\/Logos-partenaires-un-a-un-300x300.jpg 300w, https:\/\/ressourceribambelle.fr\/wp-content\/uploads\/2024\/08\/Logos-partenaires-un-a-un-150x150.jpg 150w\" sizes=\"auto, (max-width: 500px) 100vw, 500px\" \/><\/figure>\n\n\n<div class=\"wp-block-image\">\n<figure class=\"alignleft size-full\"><img loading=\"lazy\" decoding=\"async\" width=\"500\" height=\"500\" src=\"https:\/\/ressourceribambelle.fr\/wp-content\/uploads\/2025\/06\/2.jpg\" alt=\"\" class=\"wp-image-1289\" srcset=\"https:\/\/ressourceribambelle.fr\/wp-content\/uploads\/2025\/06\/2.jpg 500w, https:\/\/ressourceribambelle.fr\/wp-content\/uploads\/2025\/06\/2-300x300.jpg 300w, https:\/\/ressourceribambelle.fr\/wp-content\/uploads\/2025\/06\/2-150x150.jpg 150w\" sizes=\"auto, (max-width: 500px) 100vw, 500px\" \/><\/figure>\n<\/div>\n\n\n<figure class=\"wp-block-image size-full wp-container-content-69bc4bdf\"><a href=\"https:\/\/www.touraine.fr\/\"><img loading=\"lazy\" decoding=\"async\" width=\"152\" height=\"42\" src=\"https:\/\/ressourceribambelle.fr\/wp-content\/uploads\/2025\/08\/Capture-decran-2025-08-21-125712.png\" alt=\"\" class=\"wp-image-1357\" srcset=\"https:\/\/ressourceribambelle.fr\/wp-content\/uploads\/2025\/08\/Capture-decran-2025-08-21-125712.png 152w, https:\/\/ressourceribambelle.fr\/wp-content\/uploads\/2025\/08\/Capture-decran-2025-08-21-125712-150x42.png 150w\" sizes=\"auto, (max-width: 152px) 100vw, 152px\" \/><\/a><\/figure>\n\n\n\n<figure class=\"wp-block-image size-full\"><img loading=\"lazy\" decoding=\"async\" width=\"337\" height=\"190\" src=\"https:\/\/ressourceribambelle.fr\/wp-content\/uploads\/2026\/01\/logo_valdamboise_2021.png\" alt=\"\" class=\"wp-image-1469\" srcset=\"https:\/\/ressourceribambelle.fr\/wp-content\/uploads\/2026\/01\/logo_valdamboise_2021.png 337w, https:\/\/ressourceribambelle.fr\/wp-content\/uploads\/2026\/01\/logo_valdamboise_2021-300x169.png 300w\" sizes=\"auto, (max-width: 337px) 100vw, 337px\" \/><\/figure>\n<\/div>\n\n\n\n<div class=\"wp-block-columns is-layout-flex wp-container-core-columns-is-layout-9d6595d7 wp-block-columns-is-layout-flex\">\n<div class=\"wp-block-column is-layout-flow wp-block-column-is-layout-flow\"><\/div>\n\n\n\n<div class=\"wp-block-column is-layout-flow wp-block-column-is-layout-flow\"><\/div>\n\n\n\n<div class=\"wp-block-column is-layout-flow wp-block-column-is-layout-flow\"><\/div>\n\n\n\n<div class=\"wp-block-column is-layout-flow wp-block-column-is-layout-flow\"><\/div>\n<\/div>\n\n\n\n<p><\/p>\n","protected":false},"excerpt":{"rendered":"<p>Ils sont nombreux \u00e0 nous soutenir et \u00e0 collaborer avec nous au quotidien, merci \u00e0 eux ! Nos partenaires financiers<\/p>\n","protected":false},"author":2,"featured_media":0,"parent":0,"menu_order":0,"comment_status":"closed","ping_status":"closed","template":"","meta":{"_regular_price":[],"currency_symbol":[],"footnotes":""},"class_list":["post-109","page","type-page","status-publish","hentry"],"post_slider_layout_featured_media_urls":{"thumbnail":"","post_slider_layout_landscape_large":"","post_slider_layout_portrait_large":"","post_slider_layout_square_large":"","post_slider_layout_landscape":"","post_slider_layout_portrait":"","post_slider_layout_square":"","full":""},"_links":{"self":[{"href":"https:\/\/ressourceribambelle.fr\/index.php?rest_route=\/wp\/v2\/pages\/109","targetHints":{"allow":["GET"]}}],"collection":[{"href":"https:\/\/ressourceribambelle.fr\/index.php?rest_route=\/wp\/v2\/pages"}],"about":[{"href":"https:\/\/ressourceribambelle.fr\/index.php?rest_route=\/wp\/v2\/types\/page"}],"author":[{"embeddable":true,"href":"https:\/\/ressourceribambelle.fr\/index.php?rest_route=\/wp\/v2\/users\/2"}],"replies":[{"embeddable":true,"href":"https:\/\/ressourceribambelle.fr\/index.php?rest_route=%2Fwp%2Fv2%2Fcomments&post=109"}],"version-history":[{"count":30,"href":"https:\/\/ressourceribambelle.fr\/index.php?rest_route=\/wp\/v2\/pages\/109\/revisions"}],"predecessor-version":[{"id":1470,"href":"https:\/\/ressourceribambelle.fr\/index.php?rest_route=\/wp\/v2\/pages\/109\/revisions\/1470"}],"wp:attachment":[{"href":"https:\/\/ressourceribambelle.fr\/index.php?rest_route=%2Fwp%2Fv2%2Fmedia&parent=109"}],"curies":[{"name":"wp","href":"https:\/\/api.w.org\/{rel}","templated":true}]}}