{"id":29,"date":"2022-07-06T18:01:04","date_gmt":"2022-07-06T16:01:04","guid":{"rendered":"https:\/\/ressourceribambelle.fr\/?page_id=29"},"modified":"2025-10-23T11:23:07","modified_gmt":"2025-10-23T09:23:07","slug":"details-du-projet","status":"publish","type":"page","link":"https:\/\/ressourceribambelle.fr\/?page_id=29","title":{"rendered":"Le projet"},"content":{"rendered":"\n<div style=\"height:100px\" aria-hidden=\"true\" class=\"wp-block-spacer\"><\/div>\n\n\n\n<p class=\"has-black-color has-text-color\">La Ressource&rsquo;Ribambelle est une association dont l&rsquo;objectif est de donner une seconde vie \u00e0 vos objets et de sensibiliser le public \u00e0 la r\u00e9duction des d\u00e9chets !<\/p>\n\n\n\n<p><\/p>\n\n\n\n<p class=\"has-black-color has-text-color\">Apr\u00e8s un an d&rsquo;ouverture en 2023 dans une maison communale \u00e0 Neuill\u00e9-le-Lierre, la Ressourcerie a d\u00e9m\u00e9nag\u00e9 \u00e0 Nazelles-N\u00e9gron. Dans un local de 575m2, au 42 Boulevard de l&rsquo;Industrie, nous am\u00e9nageons toutes les semaines plusieurs espaces de vente pour exposer et vendre \u00e0 petits prix les objets que vous nous donnez.<\/p>\n\n\n\n<div style=\"height:100px\" aria-hidden=\"true\" class=\"wp-block-spacer\"><\/div>\n\n\n\n<div class=\"wp-block-buttons is-content-justification-center is-layout-flex wp-container-core-buttons-is-layout-16018d1d wp-block-buttons-is-layout-flex\">\n<div class=\"wp-block-button is-style-fill\"><a class=\"wp-block-button__link has-text-align-center wp-element-button\" href=\"https:\/\/ressourceribambelle.fr\/?page_id=586\">Que peut-on donner ? <\/a><\/div>\n<\/div>\n\n\n\n<div style=\"height:100px\" aria-hidden=\"true\" class=\"wp-block-spacer\"><\/div>\n\n\n\n<h2 class=\"wp-block-heading has-text-align-left has-text-color\" style=\"color:#e82f72\">Mais au fait, c&rsquo;est quoi une ressourcerie ?<\/h2>\n\n\n\n<div style=\"height:100px\" aria-hidden=\"true\" class=\"wp-block-spacer\"><\/div>\n\n\n\n<p class=\"has-black-color has-text-color has-medium-font-size\">Une Ressourcerie est une structure de l&rsquo;Economie Sociale et Solidaire dont les 4<strong> fonctions principales<\/strong> sont : <\/p>\n\n\n\n<div style=\"height:100px\" aria-hidden=\"true\" class=\"wp-block-spacer\"><\/div>\n\n\n\n<div class=\"wp-block-columns is-layout-flex wp-container-core-columns-is-layout-9d6595d7 wp-block-columns-is-layout-flex\">\n<div class=\"wp-block-column is-layout-flow wp-block-column-is-layout-flow\"><div class=\"wp-block-image is-style-default\">\n<figure class=\"aligncenter size-full is-resized\"><img loading=\"lazy\" decoding=\"async\" width=\"1440\" height=\"810\" src=\"https:\/\/ressourceribambelle.fr\/wp-content\/uploads\/2022\/07\/Ressource-Ribambelle.gif\" alt=\"\" class=\"wp-image-189\" style=\"width:180px;height:100px\"\/><\/figure>\n<\/div>\n\n\n<h2 class=\"wp-block-heading has-text-align-center has-black-color has-text-color\" style=\"font-size:16px;text-transform:uppercase\">la collecte <\/h2>\n\n\n\n<p class=\"has-text-align-center has-black-color has-text-color\" style=\"font-size:16px\">Il s&rsquo;agit de r\u00e9cup\u00e9rer des objets par diff\u00e9rents moyens, en pr\u00e9servant leur \u00e9tat afin de pouvoir les valoriser et leur donner une nouvelle vie.<\/p>\n<\/div>\n\n\n\n<div class=\"wp-block-column is-layout-flow wp-block-column-is-layout-flow\"><div class=\"wp-block-image\">\n<figure class=\"aligncenter size-full is-resized\"><img loading=\"lazy\" decoding=\"async\" width=\"1440\" height=\"810\" src=\"https:\/\/ressourceribambelle.fr\/wp-content\/uploads\/2022\/07\/Ressource-Ribambelle-1.gif\" alt=\"\" class=\"wp-image-190\" style=\"width:180px;height:100px\"\/><\/figure>\n<\/div>\n\n\n<h2 class=\"wp-block-heading has-text-align-center has-black-color has-text-color\" style=\"font-size:16px;text-transform:uppercase\">la valorisation<\/h2>\n\n\n\n<p class=\"has-text-align-center has-black-color has-text-color\" style=\"font-size:16px\">Il s&rsquo;agit des activit\u00e9s op\u00e9rationnelles comme le tri, le nettoyage ou la r\u00e9paration des objets collect\u00e9s afin de leur rendre toute leur valeur.<\/p>\n<\/div>\n\n\n\n<div class=\"wp-block-column is-layout-flow wp-block-column-is-layout-flow\"><div class=\"wp-block-image\">\n<figure class=\"aligncenter size-full is-resized\"><img loading=\"lazy\" decoding=\"async\" width=\"1440\" height=\"810\" src=\"https:\/\/ressourceribambelle.fr\/wp-content\/uploads\/2022\/07\/Ressource-Ribambelle-2-1.gif\" alt=\"\" class=\"wp-image-359\" style=\"width:180px;height:100px\"\/><\/figure>\n<\/div>\n\n\n<h2 class=\"wp-block-heading has-text-align-center has-black-color has-text-color\" style=\"font-size:16px;text-transform:uppercase\">la vente<\/h2>\n\n\n\n<p class=\"has-text-align-center has-black-color has-text-color\" style=\"font-size:16px\">Cette activit\u00e9 constitue l&rsquo;aboutissement de la fili\u00e8re r\u00e9emploi, puisqu&rsquo;il s&rsquo;agit de vendre les objets valoris\u00e9s afin de les remettre dans le circuit.<\/p>\n<\/div>\n\n\n\n<div class=\"wp-block-column is-vertically-aligned-top is-layout-flow wp-block-column-is-layout-flow\"><div class=\"wp-block-image\">\n<figure class=\"aligncenter size-full is-resized\"><img loading=\"lazy\" decoding=\"async\" width=\"1440\" height=\"810\" src=\"https:\/\/ressourceribambelle.fr\/wp-content\/uploads\/2022\/08\/picture_compress.gif\" alt=\"\" class=\"wp-image-399\" style=\"width:180px;height:100px\"\/><\/figure>\n<\/div>\n\n\n<h2 class=\"wp-block-heading has-text-align-center has-black-color has-text-color\" style=\"font-size:16px;text-transform:uppercase\">la sensibilisation<\/h2>\n\n\n\n<p class=\"has-text-align-center has-black-color has-text-color\" style=\"font-size:16px\">Gr\u00e2ce \u00e0 des animations, des ateliers et des \u00e9v\u00e9nements, la sensibilisation au r\u00e9emploi et \u00e0 la r\u00e9duction des d\u00e9chets est un des r\u00f4les majeurs des Ressourceries.<\/p>\n<\/div>\n<\/div>\n\n\n\n<div style=\"height:100px\" aria-hidden=\"true\" class=\"wp-block-spacer\"><\/div>\n\n\n\n<h2 class=\"wp-block-heading has-text-align-left has-text-color\" style=\"color:#e82f72\">Concr\u00e8tement, on y fait quoi ?<\/h2>\n\n\n\n<div style=\"height:100px\" aria-hidden=\"true\" class=\"wp-block-spacer\"><\/div>\n\n\n\n<div class=\"wp-block-cover alignfull is-light article-outer-box\"><img loading=\"lazy\" decoding=\"async\" width=\"1920\" height=\"1080\" class=\"wp-block-cover__image-background wp-image-195\" alt=\"\" src=\"https:\/\/ressourceribambelle.fr\/wp-content\/uploads\/2022\/07\/Ressource-Ribambelle-2.jpg\" data-object-fit=\"cover\" srcset=\"https:\/\/ressourceribambelle.fr\/wp-content\/uploads\/2022\/07\/Ressource-Ribambelle-2.jpg 1920w, https:\/\/ressourceribambelle.fr\/wp-content\/uploads\/2022\/07\/Ressource-Ribambelle-2-300x169.jpg 300w, https:\/\/ressourceribambelle.fr\/wp-content\/uploads\/2022\/07\/Ressource-Ribambelle-2-1024x576.jpg 1024w, https:\/\/ressourceribambelle.fr\/wp-content\/uploads\/2022\/07\/Ressource-Ribambelle-2-768x432.jpg 768w, https:\/\/ressourceribambelle.fr\/wp-content\/uploads\/2022\/07\/Ressource-Ribambelle-2-1536x864.jpg 1536w\" sizes=\"auto, (max-width: 1920px) 100vw, 1920px\" \/><span aria-hidden=\"true\" class=\"wp-block-cover__background has-white-background-color has-background-dim-90 has-background-dim\"><\/span><div class=\"wp-block-cover__inner-container is-layout-flow wp-block-cover-is-layout-flow\">\n<div class=\"wp-block-columns alignwide article-container is-layout-flex wp-container-core-columns-is-layout-9d6595d7 wp-block-columns-is-layout-flex\">\n<div class=\"wp-block-column is-layout-flow wp-block-column-is-layout-flow\" style=\"flex-basis:100%\">\n<div class=\"wp-block-columns are-vertically-aligned-center is-layout-flex wp-container-core-columns-is-layout-9d6595d7 wp-block-columns-is-layout-flex\">\n<div class=\"wp-block-column is-vertically-aligned-center is-layout-flow wp-block-column-is-layout-flow\" style=\"flex-basis:22.22%\"><div class=\"wp-block-image is-style-rounded\">\n<figure class=\"aligncenter size-full\"><img loading=\"lazy\" decoding=\"async\" width=\"2560\" height=\"900\" src=\"https:\/\/ressourceribambelle.fr\/wp-content\/uploads\/2022\/07\/Banniere-RessourceRibambelle-4-scaled.jpg\" alt=\"\" class=\"wp-image-83\" srcset=\"https:\/\/ressourceribambelle.fr\/wp-content\/uploads\/2022\/07\/Banniere-RessourceRibambelle-4-scaled.jpg 2560w, https:\/\/ressourceribambelle.fr\/wp-content\/uploads\/2022\/07\/Banniere-RessourceRibambelle-4-300x106.jpg 300w, https:\/\/ressourceribambelle.fr\/wp-content\/uploads\/2022\/07\/Banniere-RessourceRibambelle-4-1024x360.jpg 1024w, https:\/\/ressourceribambelle.fr\/wp-content\/uploads\/2022\/07\/Banniere-RessourceRibambelle-4-768x270.jpg 768w, https:\/\/ressourceribambelle.fr\/wp-content\/uploads\/2022\/07\/Banniere-RessourceRibambelle-4-1536x540.jpg 1536w, https:\/\/ressourceribambelle.fr\/wp-content\/uploads\/2022\/07\/Banniere-RessourceRibambelle-4-2048x720.jpg 2048w\" sizes=\"auto, (max-width: 2560px) 100vw, 2560px\" \/><\/figure>\n<\/div><\/div>\n\n\n\n<div class=\"wp-block-column is-vertically-aligned-center ms-0 is-layout-flow wp-block-column-is-layout-flow\" style=\"flex-basis:77.77%\">\n<h4 class=\"wp-block-heading mb-2 mt-0 has-text-color\" id=\"boutique\" style=\"color:#217e9b\">Boutique d&rsquo;objets d&rsquo;occasion<\/h4>\n\n\n\n<p class=\"text-left m-0 has-black-color has-text-color\">A la Ressource&rsquo;Ribambelle, vous pouvez d\u00e9poser les objets que vous n&rsquo;utilisez plus (v\u00eatements, meubles, vaisselle, d\u00e9co, livres, CDs,&#8230;). Nous nous occupons de leur rendre tout leur potentiel afin de les vendre dans notre boutique et leur permettre de vivre de nouvelles aventures, tout en pr\u00e9servant nos ressources et limitant nos d\u00e9chets !<\/p>\n\n\n\n<p><\/p>\n<\/div>\n<\/div>\n\n\n\n<div class=\"wp-block-columns are-vertically-aligned-center is-layout-flex wp-container-core-columns-is-layout-9d6595d7 wp-block-columns-is-layout-flex\">\n<div class=\"wp-block-column is-vertically-aligned-center is-layout-flow wp-block-column-is-layout-flow\" style=\"flex-basis:22.22%\"><div class=\"wp-block-image is-style-rounded\">\n<figure class=\"aligncenter size-full\"><img loading=\"lazy\" decoding=\"async\" width=\"2560\" height=\"900\" src=\"https:\/\/ressourceribambelle.fr\/wp-content\/uploads\/2022\/07\/Banniere-RessourceRibambelle-5-scaled.jpg\" alt=\"\" class=\"wp-image-84\" srcset=\"https:\/\/ressourceribambelle.fr\/wp-content\/uploads\/2022\/07\/Banniere-RessourceRibambelle-5-scaled.jpg 2560w, https:\/\/ressourceribambelle.fr\/wp-content\/uploads\/2022\/07\/Banniere-RessourceRibambelle-5-300x106.jpg 300w, https:\/\/ressourceribambelle.fr\/wp-content\/uploads\/2022\/07\/Banniere-RessourceRibambelle-5-1024x360.jpg 1024w, https:\/\/ressourceribambelle.fr\/wp-content\/uploads\/2022\/07\/Banniere-RessourceRibambelle-5-768x270.jpg 768w, https:\/\/ressourceribambelle.fr\/wp-content\/uploads\/2022\/07\/Banniere-RessourceRibambelle-5-1536x540.jpg 1536w, https:\/\/ressourceribambelle.fr\/wp-content\/uploads\/2022\/07\/Banniere-RessourceRibambelle-5-2048x720.jpg 2048w\" sizes=\"auto, (max-width: 2560px) 100vw, 2560px\" \/><\/figure>\n<\/div><\/div>\n\n\n\n<div class=\"wp-block-column is-vertically-aligned-center ms-0 is-layout-flow wp-block-column-is-layout-flow\" style=\"flex-basis:77.77%\">\n<h4 class=\"wp-block-heading mb-2 mt-0 has-text-color\" id=\"bricolage\" style=\"color:#217e9b\">BIENT\u00d4T ! Les ateliers r\u00e9cup<\/h4>\n\n\n\n<p class=\"text-left m-0 has-black-color has-text-color\">Vous avez un objet auquel vous tenez mais qui aurait bien besoin d&rsquo;une petite remise en \u00e9tat ? Quelque chose \u00e0 r\u00e9parer mais vous ne savez pas comment faire ? Vous souhaitez partager votre savoir-faire avec d&rsquo;autres bricoleur.ses ? <\/p>\n\n\n\n<p>A la Ressourcerie, vous pouvez participer \u00e0 un atelier (programmation bient\u00f4t disponible) ou en proposer un. N&rsquo;h\u00e9sitez pas \u00e0 nous contacter sur notre adresse mail ou \u00e0 passer nous voir pour en savoir plus ! <\/p>\n\n\n\n<p><\/p>\n<\/div>\n<\/div>\n\n\n\n<div class=\"wp-block-columns are-vertically-aligned-center is-layout-flex wp-container-core-columns-is-layout-9d6595d7 wp-block-columns-is-layout-flex\">\n<div class=\"wp-block-column is-vertically-aligned-center is-layout-flow wp-block-column-is-layout-flow\" style=\"flex-basis:22.22%\"><div class=\"wp-block-image is-style-rounded\">\n<figure class=\"aligncenter size-full\"><img loading=\"lazy\" decoding=\"async\" width=\"2560\" height=\"900\" src=\"https:\/\/ressourceribambelle.fr\/wp-content\/uploads\/2022\/07\/Banniere-RessourceRibambelle-6-scaled.jpg\" alt=\"\" class=\"wp-image-85\" srcset=\"https:\/\/ressourceribambelle.fr\/wp-content\/uploads\/2022\/07\/Banniere-RessourceRibambelle-6-scaled.jpg 2560w, https:\/\/ressourceribambelle.fr\/wp-content\/uploads\/2022\/07\/Banniere-RessourceRibambelle-6-300x106.jpg 300w, https:\/\/ressourceribambelle.fr\/wp-content\/uploads\/2022\/07\/Banniere-RessourceRibambelle-6-1024x360.jpg 1024w, https:\/\/ressourceribambelle.fr\/wp-content\/uploads\/2022\/07\/Banniere-RessourceRibambelle-6-768x270.jpg 768w, https:\/\/ressourceribambelle.fr\/wp-content\/uploads\/2022\/07\/Banniere-RessourceRibambelle-6-1536x540.jpg 1536w, https:\/\/ressourceribambelle.fr\/wp-content\/uploads\/2022\/07\/Banniere-RessourceRibambelle-6-2048x720.jpg 2048w\" sizes=\"auto, (max-width: 2560px) 100vw, 2560px\" \/><\/figure>\n<\/div><\/div>\n\n\n\n<div class=\"wp-block-column is-vertically-aligned-center ms-0 is-layout-flow wp-block-column-is-layout-flow\" style=\"flex-basis:77.77%\">\n<h4 class=\"wp-block-heading mb-2 mt-0 has-text-color\" id=\"sensibilisation\" style=\"color:#217e9b\">Ev\u00e9nements de sensibilisation<\/h4>\n\n\n\n<p class=\"text-left m-0 has-black-color has-text-color\">Ce sont les temps fort de la Ressource&rsquo;Ribambelle ! Tout au long de l&rsquo;ann\u00e9e, des \u00e9v\u00e9nements festifs et tout public seront organis\u00e9s \u00e0 la Ressourcerie (march\u00e9 de producteurs locaux, grandes ventes, animations, march\u00e9 de No\u00ebl&#8230;) Pour se retrouver, \u00e9changer et partager autour de la seconde vie des objets !<\/p>\n<\/div>\n<\/div>\n<\/div>\n<\/div>\n<\/div><\/div>\n\n\n\n<div style=\"height:100px\" aria-hidden=\"true\" class=\"wp-block-spacer\"><\/div>\n\n\n\n<h2 class=\"wp-block-heading has-text-color\" style=\"color:#e82f72\">Et \u00e7a sert \u00e0 quoi ? <\/h2>\n\n\n\n<div style=\"height:100px\" aria-hidden=\"true\" class=\"wp-block-spacer\"><\/div>\n\n\n\n<p class=\"has-black-color has-text-color\">Nos missions : r\u00e9employer au maximum les objets que vous nous apportez, mais aussi encourager la r\u00e9paration \u00e0 travers nos ateliers et plus globalement, l\u2019allongement de la dur\u00e9e de vie des objets. Le tout en sensibilisant notre public aux cons\u00e9quences de la surconsommation sur l\u2019environnement et en favorisant le lien social entre les habitant.es.<\/p>\n\n\n\n<p class=\"has-black-color has-text-color\">Ensemble, faisons aujourd&rsquo;hui un geste qui construit demain !<\/p>\n\n\n\n<div style=\"height:100px\" aria-hidden=\"true\" class=\"wp-block-spacer\"><\/div>\n\n\n\n<h2 class=\"wp-block-heading\">Les valeurs de la Ressource&rsquo;Ribambelle<\/h2>\n\n\n\n<div style=\"height:100px\" aria-hidden=\"true\" class=\"wp-block-spacer\"><\/div>\n\n\n<div class=\"wp-block-image\">\n<figure class=\"aligncenter size-full is-resized\"><img loading=\"lazy\" decoding=\"async\" width=\"1640\" height=\"924\" src=\"https:\/\/ressourceribambelle.fr\/wp-content\/uploads\/2022\/08\/Nos-Valeurs-2.jpg\" alt=\"\" class=\"wp-image-537\" style=\"width:820px;height:462px\" srcset=\"https:\/\/ressourceribambelle.fr\/wp-content\/uploads\/2022\/08\/Nos-Valeurs-2.jpg 1640w, https:\/\/ressourceribambelle.fr\/wp-content\/uploads\/2022\/08\/Nos-Valeurs-2-300x169.jpg 300w, https:\/\/ressourceribambelle.fr\/wp-content\/uploads\/2022\/08\/Nos-Valeurs-2-1024x577.jpg 1024w, https:\/\/ressourceribambelle.fr\/wp-content\/uploads\/2022\/08\/Nos-Valeurs-2-768x433.jpg 768w, https:\/\/ressourceribambelle.fr\/wp-content\/uploads\/2022\/08\/Nos-Valeurs-2-1536x865.jpg 1536w\" sizes=\"auto, (max-width: 1640px) 100vw, 1640px\" \/><\/figure>\n<\/div>","protected":false},"excerpt":{"rendered":"<p>La Ressource&rsquo;Ribambelle est une association dont l&rsquo;objectif est de donner une seconde vie \u00e0 vos objets et de sensibiliser le public \u00e0 la r\u00e9duction des d\u00e9chets ! Apr\u00e8s un an d&rsquo;ouverture en 2023 dans une maison communale \u00e0 Neuill\u00e9-le-Lierre, la Ressourcerie a d\u00e9m\u00e9nag\u00e9 \u00e0 Nazelles-N\u00e9gron. Dans un local de 575m2, au 42 Boulevard de l&rsquo;Industrie, [&hellip;]<\/p>\n","protected":false},"author":2,"featured_media":0,"parent":0,"menu_order":0,"comment_status":"closed","ping_status":"closed","template":"","meta":{"_regular_price":[],"currency_symbol":[],"footnotes":""},"class_list":["post-29","page","type-page","status-publish","hentry"],"post_slider_layout_featured_media_urls":{"thumbnail":"","post_slider_layout_landscape_large":"","post_slider_layout_portrait_large":"","post_slider_layout_square_large":"","post_slider_layout_landscape":"","post_slider_layout_portrait":"","post_slider_layout_square":"","full":""},"_links":{"self":[{"href":"https:\/\/ressourceribambelle.fr\/index.php?rest_route=\/wp\/v2\/pages\/29","targetHints":{"allow":["GET"]}}],"collection":[{"href":"https:\/\/ressourceribambelle.fr\/index.php?rest_route=\/wp\/v2\/pages"}],"about":[{"href":"https:\/\/ressourceribambelle.fr\/index.php?rest_route=\/wp\/v2\/types\/page"}],"author":[{"embeddable":true,"href":"https:\/\/ressourceribambelle.fr\/index.php?rest_route=\/wp\/v2\/users\/2"}],"replies":[{"embeddable":true,"href":"https:\/\/ressourceribambelle.fr\/index.php?rest_route=%2Fwp%2Fv2%2Fcomments&post=29"}],"version-history":[{"count":56,"href":"https:\/\/ressourceribambelle.fr\/index.php?rest_route=\/wp\/v2\/pages\/29\/revisions"}],"predecessor-version":[{"id":1409,"href":"https:\/\/ressourceribambelle.fr\/index.php?rest_route=\/wp\/v2\/pages\/29\/revisions\/1409"}],"wp:attachment":[{"href":"https:\/\/ressourceribambelle.fr\/index.php?rest_route=%2Fwp%2Fv2%2Fmedia&parent=29"}],"curies":[{"name":"wp","href":"https:\/\/api.w.org\/{rel}","templated":true}]}}